{"id":4243,"date":"2024-12-20T02:00:35","date_gmt":"2024-12-19T23:00:35","guid":{"rendered":"https:\/\/www.gastrolley.com.tr\/urunler\/double-service-tray-trolley-150-2-sides-closed\/"},"modified":"2025-06-27T15:36:14","modified_gmt":"2025-06-27T12:36:14","slug":"double-service-tray-trolley-150-2-sides-closed","status":"publish","type":"product","link":"https:\/\/testalani.evakreatif.com\/en\/products\/double-service-tray-trolley-150-2-sides-closed\/","title":{"rendered":"Double Service Tray Trolley 150 (2 Sides Closed)"},"content":{"rendered":"<div class=\"table-1\">Product Code: G.ST.150.D.2<\/div>\n<div class=\"table-1\">Size (cm): 101 x 71 x 174 cm<\/div>\n<div class=\"table-1\">Weight Net (Kg): 37,75<\/div>\n<div class=\"table-1\">Net A\u011f\u0131rl\u0131k (Kg): 37,75<\/div>\n<div class=\"table-1\">Volume: 1,25<\/div>\n","protected":false},"excerpt":{"rendered":"<p>Product Code: G.ST.150.D.2 Size (cm): 101 x 71 x 174 cm Weight Net (Kg): 37,75 Net A\u011f\u0131rl\u0131k (Kg): 37,75 Volume: 1,25<\/p>\n","protected":false},"featured_media":4082,"template":"","meta":{"_acf_changed":false},"product_brand":[],"product_cat":[85,89],"product_tag":[],"class_list":{"0":"post-4243","1":"product","2":"type-product","3":"status-publish","4":"has-post-thumbnail","6":"product_cat-tray-transport-carts","7":"product_cat-tray-trolleys-double150","9":"first","10":"instock","11":"sold-individually","12":"taxable","13":"shipping-taxable","14":"purchasable","15":"product-type-simple"},"acf":[],"_links":{"self":[{"href":"https:\/\/testalani.evakreatif.com\/en\/wp-json\/wp\/v2\/product\/4243","targetHints":{"allow":["GET"]}}],"collection":[{"href":"https:\/\/testalani.evakreatif.com\/en\/wp-json\/wp\/v2\/product"}],"about":[{"href":"https:\/\/testalani.evakreatif.com\/en\/wp-json\/wp\/v2\/types\/product"}],"wp:featuredmedia":[{"embeddable":true,"href":"https:\/\/testalani.evakreatif.com\/en\/wp-json\/wp\/v2\/media\/4082"}],"wp:attachment":[{"href":"https:\/\/testalani.evakreatif.com\/en\/wp-json\/wp\/v2\/media?parent=4243"}],"wp:term":[{"taxonomy":"product_brand","embeddable":true,"href":"https:\/\/testalani.evakreatif.com\/en\/wp-json\/wp\/v2\/product_brand?post=4243"},{"taxonomy":"product_cat","embeddable":true,"href":"https:\/\/testalani.evakreatif.com\/en\/wp-json\/wp\/v2\/product_cat?post=4243"},{"taxonomy":"product_tag","embeddable":true,"href":"https:\/\/testalani.evakreatif.com\/en\/wp-json\/wp\/v2\/product_tag?post=4243"}],"curies":[{"name":"wp","href":"https:\/\/api.w.org\/{rel}","templated":true}]}}